{"id":4385,"date":"2025-12-07T20:26:10","date_gmt":"2025-12-07T20:26:10","guid":{"rendered":"https:\/\/carnesdonhector.com.ar\/?post_type=product&#038;p=4385"},"modified":"2025-12-08T20:25:14","modified_gmt":"2025-12-08T20:25:14","slug":"pata-muslo-entera-x-kg","status":"publish","type":"product","link":"https:\/\/carnesdonhector.com.ar\/en\/product\/pata-muslo-entera-x-kg\/","title":{"rendered":"Pata Muslo Entera (x Kg)"},"content":{"rendered":"<p data-path-to-node=\"13\">Es el cuarto trasero del pollo, compuesto por el muslo y la pata. A diferencia de la pechuga, este corte tiene mayor contenido graso, lo que asegura que <b>siempre quede h\u00famedo y lleno de sabor<\/b>, sin importar c\u00f3mo lo cocines. Es la opci\u00f3n m\u00e1s econ\u00f3mica y vers\u00e1til para guisos, estofados o asados.<\/p>\n<p data-path-to-node=\"14\"><b>Recomendaci\u00f3n del carnicero:<\/b> Si las hac\u00e9s al horno, ponelas sobre un colch\u00f3n de cebollas para que no se peguen y sumen gusto. Si quer\u00e9s la piel extra crocante, frotale manteca y sal antes de meterlas al calor.<\/p>","protected":false},"excerpt":{"rendered":"<p><strong> Precio por Kg.<\/strong><\/p>\n<p>El corte m\u00e1s sabroso del pollo. <b>Piel dorada, carne jugosa y precio s\u00faper conveniente.<\/b> Ideal para el horno con papas o la parrilla.<\/p>","protected":false},"featured_media":4388,"comment_status":"closed","ping_status":"closed","template":"","meta":{"_joinchat":[]},"product_brand":[],"product_cat":[155],"product_tag":[],"class_list":{"0":"post-4385","1":"product","2":"type-product","3":"status-publish","4":"has-post-thumbnail","6":"product_cat-pollo","8":"first","9":"instock","10":"shipping-taxable","11":"purchasable","12":"product-type-simple"},"_links":{"self":[{"href":"https:\/\/carnesdonhector.com.ar\/en\/wp-json\/wp\/v2\/product\/4385","targetHints":{"allow":["GET"]}}],"collection":[{"href":"https:\/\/carnesdonhector.com.ar\/en\/wp-json\/wp\/v2\/product"}],"about":[{"href":"https:\/\/carnesdonhector.com.ar\/en\/wp-json\/wp\/v2\/types\/product"}],"replies":[{"embeddable":true,"href":"https:\/\/carnesdonhector.com.ar\/en\/wp-json\/wp\/v2\/comments?post=4385"}],"wp:featuredmedia":[{"embeddable":true,"href":"https:\/\/carnesdonhector.com.ar\/en\/wp-json\/wp\/v2\/media\/4388"}],"wp:attachment":[{"href":"https:\/\/carnesdonhector.com.ar\/en\/wp-json\/wp\/v2\/media?parent=4385"}],"wp:term":[{"taxonomy":"product_brand","embeddable":true,"href":"https:\/\/carnesdonhector.com.ar\/en\/wp-json\/wp\/v2\/product_brand?post=4385"},{"taxonomy":"product_cat","embeddable":true,"href":"https:\/\/carnesdonhector.com.ar\/en\/wp-json\/wp\/v2\/product_cat?post=4385"},{"taxonomy":"product_tag","embeddable":true,"href":"https:\/\/carnesdonhector.com.ar\/en\/wp-json\/wp\/v2\/product_tag?post=4385"}],"curies":[{"name":"wp","href":"https:\/\/api.w.org\/{rel}","templated":true}]}}