{"id":4373,"date":"2025-12-07T20:20:22","date_gmt":"2025-12-07T20:20:22","guid":{"rendered":"https:\/\/carnesdonhector.com.ar\/?post_type=product&#038;p=4373"},"modified":"2025-12-08T20:25:14","modified_gmt":"2025-12-08T20:25:14","slug":"solomillo-de-cerdo-x-kg","status":"publish","type":"product","link":"https:\/\/carnesdonhector.com.ar\/en\/product\/solomillo-de-cerdo-x-kg\/","title":{"rendered":"Solomillo de Cerdo (x Kg)"},"content":{"rendered":"<p data-path-to-node=\"13\">Es el lomo del animal, una pieza cil\u00edndrica y alargada que no tiene desperdicio. Se destaca por su <b>textura extremadamente suave y sabor delicado<\/b>. Al no tener grasa intramuscular, es una opci\u00f3n muy saludable y vers\u00e1til que va perfecto con salsas agridulces, mostaza o reducciones de vino.<\/p>\n<p data-path-to-node=\"14\"><b>Recomendaci\u00f3n del carnicero:<\/b> Es una carne que se seca f\u00e1cil si te pas\u00e1s de cocci\u00f3n. El punto justo es apenas rosado en el centro o cocido pero jugoso. Si lo hac\u00e9s al horno, envolverlo en panceta ayuda a mantener la humedad y sumar sabor.<\/p>","protected":false},"excerpt":{"rendered":"<p><strong>Precio por Kg.<\/strong><\/p>\n<p>El corte m\u00e1s fino y tierno del cerdo. <b>Carne magra, sin hueso y de cocci\u00f3n r\u00e1pida.<\/b> Ideal para platos gourmet o cenas livianas.<\/p>","protected":false},"featured_media":4376,"comment_status":"closed","ping_status":"closed","template":"","meta":{"_joinchat":[]},"product_brand":[],"product_cat":[152],"product_tag":[],"class_list":{"0":"post-4373","1":"product","2":"type-product","3":"status-publish","4":"has-post-thumbnail","6":"product_cat-carne-de-cerdo","8":"first","9":"instock","10":"shipping-taxable","11":"purchasable","12":"product-type-simple"},"_links":{"self":[{"href":"https:\/\/carnesdonhector.com.ar\/en\/wp-json\/wp\/v2\/product\/4373","targetHints":{"allow":["GET"]}}],"collection":[{"href":"https:\/\/carnesdonhector.com.ar\/en\/wp-json\/wp\/v2\/product"}],"about":[{"href":"https:\/\/carnesdonhector.com.ar\/en\/wp-json\/wp\/v2\/types\/product"}],"replies":[{"embeddable":true,"href":"https:\/\/carnesdonhector.com.ar\/en\/wp-json\/wp\/v2\/comments?post=4373"}],"wp:featuredmedia":[{"embeddable":true,"href":"https:\/\/carnesdonhector.com.ar\/en\/wp-json\/wp\/v2\/media\/4376"}],"wp:attachment":[{"href":"https:\/\/carnesdonhector.com.ar\/en\/wp-json\/wp\/v2\/media?parent=4373"}],"wp:term":[{"taxonomy":"product_brand","embeddable":true,"href":"https:\/\/carnesdonhector.com.ar\/en\/wp-json\/wp\/v2\/product_brand?post=4373"},{"taxonomy":"product_cat","embeddable":true,"href":"https:\/\/carnesdonhector.com.ar\/en\/wp-json\/wp\/v2\/product_cat?post=4373"},{"taxonomy":"product_tag","embeddable":true,"href":"https:\/\/carnesdonhector.com.ar\/en\/wp-json\/wp\/v2\/product_tag?post=4373"}],"curies":[{"name":"wp","href":"https:\/\/api.w.org\/{rel}","templated":true}]}}