{"id":4367,"date":"2025-12-07T20:18:56","date_gmt":"2025-12-07T20:18:56","guid":{"rendered":"https:\/\/carnesdonhector.com.ar\/?post_type=product&#038;p=4367"},"modified":"2025-12-08T20:25:14","modified_gmt":"2025-12-08T20:25:14","slug":"pechito-de-cerdo-carnoso-x-kg","status":"publish","type":"product","link":"https:\/\/carnesdonhector.com.ar\/en\/product\/pechito-de-cerdo-carnoso-x-kg\/","title":{"rendered":"Pechito de Cerdo Carnoso (x Kg)"},"content":{"rendered":"<p data-path-to-node=\"6\">Es el costillar del cerdo que viene acompa\u00f1ado de la \u00abmanta\u00bb de carne, lo que lo hace mucho m\u00e1s abundante que una costilla com\u00fan. <b>Combina texturas incre\u00edbles:<\/b> la carne pegada al hueso es sabrosa y la capa superior se dora maravillosamente. Es un corte que absorbe muy bien el lim\u00f3n y el chimichurri.<\/p>\n<p data-path-to-node=\"7\"><b>Recomendaci\u00f3n del carnicero:<\/b> Hacelo a la parrilla siempre empezando del lado del hueso a fuego moderado. Cuando lo des vuelta para dorar la carne, rociarlo con abundante lim\u00f3n para cortar la grasa y realzar el sabor.<\/p>","protected":false},"excerpt":{"rendered":"<p><strong>Precio por Kg.<\/strong><\/p>\n<p>Costillas con manta que son una fiesta. <b>Huesito, carne tierna y grasa que se vuelve crocante.<\/b> Imprescindible en cualquier asado variado.<\/p>","protected":false},"featured_media":4370,"comment_status":"closed","ping_status":"closed","template":"","meta":{"_joinchat":[]},"product_brand":[],"product_cat":[152],"product_tag":[],"class_list":{"0":"post-4367","1":"product","2":"type-product","3":"status-publish","4":"has-post-thumbnail","6":"product_cat-carne-de-cerdo","8":"first","9":"instock","10":"shipping-taxable","11":"purchasable","12":"product-type-simple"},"_links":{"self":[{"href":"https:\/\/carnesdonhector.com.ar\/en\/wp-json\/wp\/v2\/product\/4367","targetHints":{"allow":["GET"]}}],"collection":[{"href":"https:\/\/carnesdonhector.com.ar\/en\/wp-json\/wp\/v2\/product"}],"about":[{"href":"https:\/\/carnesdonhector.com.ar\/en\/wp-json\/wp\/v2\/types\/product"}],"replies":[{"embeddable":true,"href":"https:\/\/carnesdonhector.com.ar\/en\/wp-json\/wp\/v2\/comments?post=4367"}],"wp:featuredmedia":[{"embeddable":true,"href":"https:\/\/carnesdonhector.com.ar\/en\/wp-json\/wp\/v2\/media\/4370"}],"wp:attachment":[{"href":"https:\/\/carnesdonhector.com.ar\/en\/wp-json\/wp\/v2\/media?parent=4367"}],"wp:term":[{"taxonomy":"product_brand","embeddable":true,"href":"https:\/\/carnesdonhector.com.ar\/en\/wp-json\/wp\/v2\/product_brand?post=4367"},{"taxonomy":"product_cat","embeddable":true,"href":"https:\/\/carnesdonhector.com.ar\/en\/wp-json\/wp\/v2\/product_cat?post=4367"},{"taxonomy":"product_tag","embeddable":true,"href":"https:\/\/carnesdonhector.com.ar\/en\/wp-json\/wp\/v2\/product_tag?post=4367"}],"curies":[{"name":"wp","href":"https:\/\/api.w.org\/{rel}","templated":true}]}}