{"id":4361,"date":"2025-12-07T20:15:13","date_gmt":"2025-12-07T20:15:13","guid":{"rendered":"https:\/\/carnesdonhector.com.ar\/?post_type=product&#038;p=4361"},"modified":"2025-12-08T20:25:14","modified_gmt":"2025-12-08T20:25:14","slug":"milanesas-de-cerdo-x-kg","status":"publish","type":"product","link":"https:\/\/carnesdonhector.com.ar\/en\/product\/milanesas-de-cerdo-x-kg\/","title":{"rendered":"Milanesas de Cerdo (x Kg)"},"content":{"rendered":"<p data-path-to-node=\"27\">Generalmente cortadas de la nalga o el carr\u00e9 de cerdo, estas milanesas ofrecen un sabor diferente y muy suave. <b>Son ideales para los chicos por su textura blanda.<\/b> Al ser de cerdo, absorben muy bien los condimentos y quedan espectaculares fritas o al horno bien caliente.<\/p>\n<p data-path-to-node=\"28\"><b>Recomendaci\u00f3n del carnicero:<\/b> Quedan incre\u00edbles si en lugar de provenzal las condiment\u00e1s con un poco de mostaza y miel antes de pasarlas por el huevo. Cocci\u00f3n r\u00e1pida para mantener la humedad.<\/p>","protected":false},"excerpt":{"rendered":"<p>Precio por Kg.<\/p>\n<p>Un cambio de aire para tu men\u00fa. <b>Fetas de carne de cerdo magra, tiernas y sabrosas.<\/b> Una alternativa m\u00e1s econ\u00f3mica y liviana a la de vaca.<\/p>","protected":false},"featured_media":4364,"comment_status":"closed","ping_status":"closed","template":"","meta":{"_joinchat":[]},"product_brand":[],"product_cat":[152],"product_tag":[],"class_list":{"0":"post-4361","1":"product","2":"type-product","3":"status-publish","4":"has-post-thumbnail","6":"product_cat-carne-de-cerdo","8":"first","9":"instock","10":"shipping-taxable","11":"purchasable","12":"product-type-simple"},"_links":{"self":[{"href":"https:\/\/carnesdonhector.com.ar\/en\/wp-json\/wp\/v2\/product\/4361","targetHints":{"allow":["GET"]}}],"collection":[{"href":"https:\/\/carnesdonhector.com.ar\/en\/wp-json\/wp\/v2\/product"}],"about":[{"href":"https:\/\/carnesdonhector.com.ar\/en\/wp-json\/wp\/v2\/types\/product"}],"replies":[{"embeddable":true,"href":"https:\/\/carnesdonhector.com.ar\/en\/wp-json\/wp\/v2\/comments?post=4361"}],"wp:featuredmedia":[{"embeddable":true,"href":"https:\/\/carnesdonhector.com.ar\/en\/wp-json\/wp\/v2\/media\/4364"}],"wp:attachment":[{"href":"https:\/\/carnesdonhector.com.ar\/en\/wp-json\/wp\/v2\/media?parent=4361"}],"wp:term":[{"taxonomy":"product_brand","embeddable":true,"href":"https:\/\/carnesdonhector.com.ar\/en\/wp-json\/wp\/v2\/product_brand?post=4361"},{"taxonomy":"product_cat","embeddable":true,"href":"https:\/\/carnesdonhector.com.ar\/en\/wp-json\/wp\/v2\/product_cat?post=4361"},{"taxonomy":"product_tag","embeddable":true,"href":"https:\/\/carnesdonhector.com.ar\/en\/wp-json\/wp\/v2\/product_tag?post=4361"}],"curies":[{"name":"wp","href":"https:\/\/api.w.org\/{rel}","templated":true}]}}