{"id":4349,"date":"2025-12-07T20:10:37","date_gmt":"2025-12-07T20:10:37","guid":{"rendered":"https:\/\/carnesdonhector.com.ar\/?post_type=product&#038;p=4349"},"modified":"2025-12-08T20:25:14","modified_gmt":"2025-12-08T20:25:14","slug":"chuletas-de-cerdo-x-kg","status":"publish","type":"product","link":"https:\/\/carnesdonhector.com.ar\/en\/product\/chuletas-de-cerdo-x-kg\/","title":{"rendered":"Chuletas de Cerdo (x Kg)"},"content":{"rendered":"<p data-path-to-node=\"13\">Es el corte cl\u00e1sico del lomo de cerdo manteniendo el hueso de la costilla. Al tener el hueso, la carne conserva mejor su humedad y sabor que el carr\u00e9 deshuesado. <b>Es una carne blanca, sana y econ\u00f3mica<\/b>, perfecta para incorporar prote\u00ednas en la dieta familiar sin gastar de m\u00e1s.<\/p>\n<p data-path-to-node=\"14\"><b>Recomendaci\u00f3n del carnicero:<\/b> El secreto es no pasarlas de punto para que no se sequen. Fuego fuerte para sellar r\u00e1pido y que queden doradas por fuera y apenas jugosas por dentro. Acompa\u00f1alas con pur\u00e9 de manzana o batatas.<\/p>","protected":false},"excerpt":{"rendered":"<p><strong>\u00a0Precio por Kg.<\/strong><\/p>\n<p>La soluci\u00f3n para una cena r\u00e1pida y rica. <b>Bifes de carr\u00e9 con hueso, magros pero sabrosos.<\/b> Ideales para vuelta y vuelta en la plancha.<\/p>","protected":false},"featured_media":4352,"comment_status":"closed","ping_status":"closed","template":"","meta":{"_joinchat":[]},"product_brand":[],"product_cat":[152],"product_tag":[],"class_list":{"0":"post-4349","1":"product","2":"type-product","3":"status-publish","4":"has-post-thumbnail","6":"product_cat-carne-de-cerdo","8":"first","9":"instock","10":"shipping-taxable","11":"purchasable","12":"product-type-simple"},"_links":{"self":[{"href":"https:\/\/carnesdonhector.com.ar\/en\/wp-json\/wp\/v2\/product\/4349","targetHints":{"allow":["GET"]}}],"collection":[{"href":"https:\/\/carnesdonhector.com.ar\/en\/wp-json\/wp\/v2\/product"}],"about":[{"href":"https:\/\/carnesdonhector.com.ar\/en\/wp-json\/wp\/v2\/types\/product"}],"replies":[{"embeddable":true,"href":"https:\/\/carnesdonhector.com.ar\/en\/wp-json\/wp\/v2\/comments?post=4349"}],"wp:featuredmedia":[{"embeddable":true,"href":"https:\/\/carnesdonhector.com.ar\/en\/wp-json\/wp\/v2\/media\/4352"}],"wp:attachment":[{"href":"https:\/\/carnesdonhector.com.ar\/en\/wp-json\/wp\/v2\/media?parent=4349"}],"wp:term":[{"taxonomy":"product_brand","embeddable":true,"href":"https:\/\/carnesdonhector.com.ar\/en\/wp-json\/wp\/v2\/product_brand?post=4349"},{"taxonomy":"product_cat","embeddable":true,"href":"https:\/\/carnesdonhector.com.ar\/en\/wp-json\/wp\/v2\/product_cat?post=4349"},{"taxonomy":"product_tag","embeddable":true,"href":"https:\/\/carnesdonhector.com.ar\/en\/wp-json\/wp\/v2\/product_tag?post=4349"}],"curies":[{"name":"wp","href":"https:\/\/api.w.org\/{rel}","templated":true}]}}