{"id":4340,"date":"2025-12-07T20:04:34","date_gmt":"2025-12-07T20:04:34","guid":{"rendered":"https:\/\/carnesdonhector.com.ar\/?post_type=product&#038;p=4340"},"modified":"2025-12-08T20:25:14","modified_gmt":"2025-12-08T20:25:14","slug":"vacio-x-kg","status":"publish","type":"product","link":"https:\/\/carnesdonhector.com.ar\/en\/product\/vacio-x-kg\/","title":{"rendered":"Vac\u00edo (x Kg)"},"content":{"rendered":"<p data-path-to-node=\"13\">Corte situado en la zona lateral trasera de la vaca. Es una pieza de carne fibrosa pero sumamente tierna y jugosa. Su gran secreto son las membranas (cueritos) que lo recubren de ambos lados: <b>al cocinarse sellan los jugos adentro<\/b>, logrando un contraste incre\u00edble entre lo crocante de afuera y lo h\u00famedo de adentro.<\/p>\n<p data-path-to-node=\"14\"><b>Recomendaci\u00f3n del carnicero:<\/b> \u00a1Prohibido pincharlo! Us\u00e1 pinzas para darlo vuelta. Cocinalo entero, empezando por el lado del cuero m\u00e1s grueso a fuego moderado hasta que est\u00e9 bien dorado y crocante, y reci\u00e9n ah\u00ed dalo vuelta.<\/p>","protected":false},"excerpt":{"rendered":"<p><strong>Precio por Kg. <\/strong><\/p>\n<p>El compa\u00f1ero inseparable del asado. <b>Pulpa jugosa protegida por dos cueritos que quedan crocantes.<\/b> Sabor intenso y terneza garantizada.<\/p>","protected":false},"featured_media":4341,"comment_status":"closed","ping_status":"closed","template":"","meta":{"_joinchat":[]},"product_brand":[],"product_cat":[151],"product_tag":[],"class_list":{"0":"post-4340","1":"product","2":"type-product","3":"status-publish","4":"has-post-thumbnail","6":"product_cat-carne-vacuna","8":"first","9":"instock","10":"shipping-taxable","11":"purchasable","12":"product-type-simple"},"_links":{"self":[{"href":"https:\/\/carnesdonhector.com.ar\/en\/wp-json\/wp\/v2\/product\/4340","targetHints":{"allow":["GET"]}}],"collection":[{"href":"https:\/\/carnesdonhector.com.ar\/en\/wp-json\/wp\/v2\/product"}],"about":[{"href":"https:\/\/carnesdonhector.com.ar\/en\/wp-json\/wp\/v2\/types\/product"}],"replies":[{"embeddable":true,"href":"https:\/\/carnesdonhector.com.ar\/en\/wp-json\/wp\/v2\/comments?post=4340"}],"wp:featuredmedia":[{"embeddable":true,"href":"https:\/\/carnesdonhector.com.ar\/en\/wp-json\/wp\/v2\/media\/4341"}],"wp:attachment":[{"href":"https:\/\/carnesdonhector.com.ar\/en\/wp-json\/wp\/v2\/media?parent=4340"}],"wp:term":[{"taxonomy":"product_brand","embeddable":true,"href":"https:\/\/carnesdonhector.com.ar\/en\/wp-json\/wp\/v2\/product_brand?post=4340"},{"taxonomy":"product_cat","embeddable":true,"href":"https:\/\/carnesdonhector.com.ar\/en\/wp-json\/wp\/v2\/product_cat?post=4340"},{"taxonomy":"product_tag","embeddable":true,"href":"https:\/\/carnesdonhector.com.ar\/en\/wp-json\/wp\/v2\/product_tag?post=4340"}],"curies":[{"name":"wp","href":"https:\/\/api.w.org\/{rel}","templated":true}]}}