{"id":4338,"date":"2025-12-07T20:02:32","date_gmt":"2025-12-07T20:02:32","guid":{"rendered":"https:\/\/carnesdonhector.com.ar\/?post_type=product&#038;p=4338"},"modified":"2025-12-08T20:25:14","modified_gmt":"2025-12-08T20:25:14","slug":"tapa-de-asado-seleccionada-x-kg","status":"publish","type":"product","link":"https:\/\/carnesdonhector.com.ar\/en\/product\/tapa-de-asado-seleccionada-x-kg\/","title":{"rendered":"Tapa de Asado Seleccionada (x Kg)"},"content":{"rendered":"<p data-path-to-node=\"6\">Es la capa de carne que cubre la parte alta del costillar. Se caracteriza por ser un corte de fibra un poco m\u00e1s firme pero con un sabor a carne muy intenso. <b>Su veteado de grasa la mantiene h\u00fameda durante la cocci\u00f3n<\/b>, lo que la hace perfecta para cocciones prolongadas donde se busca que se tiernice bien.<\/p>\n<p data-path-to-node=\"7\"><b>Recomendaci\u00f3n del carnicero:<\/b> Si la hac\u00e9s a la parrilla, us\u00e1 fuego suave y paciencia para que no se arrebate y quede dura. Si quer\u00e9s asegurar terneza m\u00e1xima, un buen adobado previo con lim\u00f3n y especias unas horas antes hace maravillas.<\/p>","protected":false},"excerpt":{"rendered":"<p><strong> Precio por Kg.<\/strong><\/p>\n<p>Corte vers\u00e1til y lleno de sabor. <b>Ideal para hacer al horno con papas o a la parrilla a fuego lento.<\/b> La opci\u00f3n inteligente para comer rico y rendidor.<\/p>","protected":false},"featured_media":4339,"comment_status":"closed","ping_status":"closed","template":"","meta":{"_joinchat":[]},"product_brand":[],"product_cat":[151],"product_tag":[],"class_list":{"0":"post-4338","1":"product","2":"type-product","3":"status-publish","4":"has-post-thumbnail","6":"product_cat-carne-vacuna","8":"first","9":"instock","10":"shipping-taxable","11":"purchasable","12":"product-type-simple"},"_links":{"self":[{"href":"https:\/\/carnesdonhector.com.ar\/en\/wp-json\/wp\/v2\/product\/4338","targetHints":{"allow":["GET"]}}],"collection":[{"href":"https:\/\/carnesdonhector.com.ar\/en\/wp-json\/wp\/v2\/product"}],"about":[{"href":"https:\/\/carnesdonhector.com.ar\/en\/wp-json\/wp\/v2\/types\/product"}],"replies":[{"embeddable":true,"href":"https:\/\/carnesdonhector.com.ar\/en\/wp-json\/wp\/v2\/comments?post=4338"}],"wp:featuredmedia":[{"embeddable":true,"href":"https:\/\/carnesdonhector.com.ar\/en\/wp-json\/wp\/v2\/media\/4339"}],"wp:attachment":[{"href":"https:\/\/carnesdonhector.com.ar\/en\/wp-json\/wp\/v2\/media?parent=4338"}],"wp:term":[{"taxonomy":"product_brand","embeddable":true,"href":"https:\/\/carnesdonhector.com.ar\/en\/wp-json\/wp\/v2\/product_brand?post=4338"},{"taxonomy":"product_cat","embeddable":true,"href":"https:\/\/carnesdonhector.com.ar\/en\/wp-json\/wp\/v2\/product_cat?post=4338"},{"taxonomy":"product_tag","embeddable":true,"href":"https:\/\/carnesdonhector.com.ar\/en\/wp-json\/wp\/v2\/product_tag?post=4338"}],"curies":[{"name":"wp","href":"https:\/\/api.w.org\/{rel}","templated":true}]}}