{"id":4315,"date":"2025-12-07T19:48:58","date_gmt":"2025-12-07T19:48:58","guid":{"rendered":"https:\/\/carnesdonhector.com.ar\/?post_type=product&#038;p=4315"},"modified":"2025-12-08T20:25:14","modified_gmt":"2025-12-08T20:25:14","slug":"peceto-de-novillito-x-kg","status":"publish","type":"product","link":"https:\/\/carnesdonhector.com.ar\/en\/product\/peceto-de-novillito-x-kg\/","title":{"rendered":"Peceto de Novillito (x Kg)"},"content":{"rendered":"<p data-path-to-node=\"13\">Ubicado en el cuarto trasero, el Peceto se destaca por ser una pieza compacta y uniforme. Al no tener nervios ni grasa intramuscular, es el corte \u00ablimpio\u00bb por excelencia. <b>Se usa para las milanesas m\u00e1s delicadas<\/b>, para escabeches o para hervir y furetear fr\u00edo en las fiestas.<\/p>\n<p data-path-to-node=\"14\"><b>Recomendaci\u00f3n del carnicero:<\/b> Al ser tan magro, si lo hac\u00e9s a la olla o al horno, ten\u00e9s que vigilarlo para que no se seque. Si es para milanesas, pedinos corte fino; si es para la cacerola, mechalo con panceta para darle humedad.<\/p>","protected":false},"excerpt":{"rendered":"<p><strong>Precio por Kg. <\/strong><\/p>\n<p>El corte m\u00e1s magro y prolijo de la vaca. <b>Carne cil\u00edndrica, sin nada de grasa visible y s\u00faper tierna.<\/b> El \u00fanico corte posible para un buen Vitell Thon\u00e9.<\/p>","protected":false},"featured_media":4318,"comment_status":"closed","ping_status":"closed","template":"","meta":{"_joinchat":[]},"product_brand":[],"product_cat":[151],"product_tag":[],"class_list":{"0":"post-4315","1":"product","2":"type-product","3":"status-publish","4":"has-post-thumbnail","6":"product_cat-carne-vacuna","8":"first","9":"instock","10":"shipping-taxable","11":"purchasable","12":"product-type-simple"},"_links":{"self":[{"href":"https:\/\/carnesdonhector.com.ar\/en\/wp-json\/wp\/v2\/product\/4315","targetHints":{"allow":["GET"]}}],"collection":[{"href":"https:\/\/carnesdonhector.com.ar\/en\/wp-json\/wp\/v2\/product"}],"about":[{"href":"https:\/\/carnesdonhector.com.ar\/en\/wp-json\/wp\/v2\/types\/product"}],"replies":[{"embeddable":true,"href":"https:\/\/carnesdonhector.com.ar\/en\/wp-json\/wp\/v2\/comments?post=4315"}],"wp:featuredmedia":[{"embeddable":true,"href":"https:\/\/carnesdonhector.com.ar\/en\/wp-json\/wp\/v2\/media\/4318"}],"wp:attachment":[{"href":"https:\/\/carnesdonhector.com.ar\/en\/wp-json\/wp\/v2\/media?parent=4315"}],"wp:term":[{"taxonomy":"product_brand","embeddable":true,"href":"https:\/\/carnesdonhector.com.ar\/en\/wp-json\/wp\/v2\/product_brand?post=4315"},{"taxonomy":"product_cat","embeddable":true,"href":"https:\/\/carnesdonhector.com.ar\/en\/wp-json\/wp\/v2\/product_cat?post=4315"},{"taxonomy":"product_tag","embeddable":true,"href":"https:\/\/carnesdonhector.com.ar\/en\/wp-json\/wp\/v2\/product_tag?post=4315"}],"curies":[{"name":"wp","href":"https:\/\/api.w.org\/{rel}","templated":true}]}}