{"id":4303,"date":"2025-12-07T19:38:42","date_gmt":"2025-12-07T19:38:42","guid":{"rendered":"https:\/\/carnesdonhector.com.ar\/?post_type=product&#038;p=4303"},"modified":"2025-12-08T20:25:14","modified_gmt":"2025-12-08T20:25:14","slug":"hamburguesa-de-carne-casera-x-unidad","status":"publish","type":"product","link":"https:\/\/carnesdonhector.com.ar\/en\/product\/hamburguesa-de-carne-casera-x-unidad\/","title":{"rendered":"Hamburguesa de Carne Casera (x Unidad)"},"content":{"rendered":"<p data-path-to-node=\"27\">Olvidate de las hamburguesas industriales finitas. Las nuestras son <b>medallones contundentes de pura carne<\/b>, con el porcentaje justo de grasa para que no queden secas. Elaboradas diariamente en nuestro local con receta propia de especias que realzan el sabor sin invadir.<\/p>\n<p data-path-to-node=\"28\"><b>Recomendaci\u00f3n del carnicero:<\/b> Cocinalas a la plancha o parrilla bien caliente. <b>\u00a1No las aplastes!<\/b> Si las apret\u00e1s contra la plancha con la esp\u00e1tula, perd\u00e9s los jugos y quedan secas. Solo dalas vuelta cuando tengan costra.<\/p>","protected":false},"excerpt":{"rendered":"<p><strong>Precio por Unidad (180g aprox).<\/strong><\/p>\n<p><b>100% carne de novillito seleccionada.<\/b> Sin aditivos raros, solo carne picada en el d\u00eda y condimentos naturales.<\/p>","protected":false},"featured_media":4306,"comment_status":"closed","ping_status":"closed","template":"","meta":{"_joinchat":[]},"product_brand":[],"product_cat":[151],"product_tag":[],"class_list":{"0":"post-4303","1":"product","2":"type-product","3":"status-publish","4":"has-post-thumbnail","6":"product_cat-carne-vacuna","8":"first","9":"instock","10":"shipping-taxable","11":"purchasable","12":"product-type-simple"},"_links":{"self":[{"href":"https:\/\/carnesdonhector.com.ar\/en\/wp-json\/wp\/v2\/product\/4303","targetHints":{"allow":["GET"]}}],"collection":[{"href":"https:\/\/carnesdonhector.com.ar\/en\/wp-json\/wp\/v2\/product"}],"about":[{"href":"https:\/\/carnesdonhector.com.ar\/en\/wp-json\/wp\/v2\/types\/product"}],"replies":[{"embeddable":true,"href":"https:\/\/carnesdonhector.com.ar\/en\/wp-json\/wp\/v2\/comments?post=4303"}],"wp:featuredmedia":[{"embeddable":true,"href":"https:\/\/carnesdonhector.com.ar\/en\/wp-json\/wp\/v2\/media\/4306"}],"wp:attachment":[{"href":"https:\/\/carnesdonhector.com.ar\/en\/wp-json\/wp\/v2\/media?parent=4303"}],"wp:term":[{"taxonomy":"product_brand","embeddable":true,"href":"https:\/\/carnesdonhector.com.ar\/en\/wp-json\/wp\/v2\/product_brand?post=4303"},{"taxonomy":"product_cat","embeddable":true,"href":"https:\/\/carnesdonhector.com.ar\/en\/wp-json\/wp\/v2\/product_cat?post=4303"},{"taxonomy":"product_tag","embeddable":true,"href":"https:\/\/carnesdonhector.com.ar\/en\/wp-json\/wp\/v2\/product_tag?post=4303"}],"curies":[{"name":"wp","href":"https:\/\/api.w.org\/{rel}","templated":true}]}}