{"id":4285,"date":"2025-12-07T19:33:44","date_gmt":"2025-12-07T19:33:44","guid":{"rendered":"https:\/\/carnesdonhector.com.ar\/?post_type=product&#038;p=4285"},"modified":"2025-12-08T20:25:14","modified_gmt":"2025-12-08T20:25:14","slug":"ojo-de-bife-ribeye-x-kg","status":"publish","type":"product","link":"https:\/\/carnesdonhector.com.ar\/en\/product\/ojo-de-bife-ribeye-x-kg\/","title":{"rendered":"Ojo de Bife (Ribeye) &#8211; (x Kg)"},"content":{"rendered":"<p data-path-to-node=\"6\">Es el centro del bife ancho deshuesado. Se lo conoce como \u00abOjo\u00bb por su forma redonda perfecta. Su principal caracter\u00edstica es la grasa intramuscular (marmoleo) que se funde al cocinarlo, ba\u00f1ando la carne desde adentro. <b>Es mucho m\u00e1s sabroso que el lomo y casi igual de tierno.<\/b><\/p>\n<p data-path-to-node=\"7\"><b>Recomendaci\u00f3n del carnicero:<\/b> Es un pecado cocinarlo muy cocido. El punto ideal es \u00abjugoso\u00bb (a punto). Fuego fuerte para sellar la costra y centro rosado. Solo sal y pimienta.<\/p>","protected":false},"excerpt":{"rendered":"<p><b>Precio por Kg. <\/b><\/p>\n<p>El corte preferido de los chef. Centro tierno, marmoleo interno y sabor explosivo. Lo mejor de la vaca en un solo bife.<\/p>","protected":false},"featured_media":4288,"comment_status":"closed","ping_status":"closed","template":"","meta":{"_joinchat":[]},"product_brand":[],"product_cat":[151],"product_tag":[],"class_list":{"0":"post-4285","1":"product","2":"type-product","3":"status-publish","4":"has-post-thumbnail","6":"product_cat-carne-vacuna","8":"first","9":"instock","10":"shipping-taxable","11":"purchasable","12":"product-type-simple"},"_links":{"self":[{"href":"https:\/\/carnesdonhector.com.ar\/en\/wp-json\/wp\/v2\/product\/4285","targetHints":{"allow":["GET"]}}],"collection":[{"href":"https:\/\/carnesdonhector.com.ar\/en\/wp-json\/wp\/v2\/product"}],"about":[{"href":"https:\/\/carnesdonhector.com.ar\/en\/wp-json\/wp\/v2\/types\/product"}],"replies":[{"embeddable":true,"href":"https:\/\/carnesdonhector.com.ar\/en\/wp-json\/wp\/v2\/comments?post=4285"}],"wp:featuredmedia":[{"embeddable":true,"href":"https:\/\/carnesdonhector.com.ar\/en\/wp-json\/wp\/v2\/media\/4288"}],"wp:attachment":[{"href":"https:\/\/carnesdonhector.com.ar\/en\/wp-json\/wp\/v2\/media?parent=4285"}],"wp:term":[{"taxonomy":"product_brand","embeddable":true,"href":"https:\/\/carnesdonhector.com.ar\/en\/wp-json\/wp\/v2\/product_brand?post=4285"},{"taxonomy":"product_cat","embeddable":true,"href":"https:\/\/carnesdonhector.com.ar\/en\/wp-json\/wp\/v2\/product_cat?post=4285"},{"taxonomy":"product_tag","embeddable":true,"href":"https:\/\/carnesdonhector.com.ar\/en\/wp-json\/wp\/v2\/product_tag?post=4285"}],"curies":[{"name":"wp","href":"https:\/\/api.w.org\/{rel}","templated":true}]}}