{"id":4276,"date":"2025-12-06T22:08:46","date_gmt":"2025-12-06T22:08:46","guid":{"rendered":"https:\/\/carnesdonhector.com.ar\/?post_type=product&#038;p=4276"},"modified":"2025-12-08T20:25:33","modified_gmt":"2025-12-08T20:25:33","slug":"colita-de-cuadril-x-kg","status":"publish","type":"product","link":"https:\/\/carnesdonhector.com.ar\/en\/product\/colita-de-cuadril-x-kg\/","title":{"rendered":"Colita de Cuadril (x Kg)"},"content":{"rendered":"<p data-path-to-node=\"17,4,0\">Un corte triangular (m\u00fasculo tensor) que no puede fallar. Es pura carne tierna recubierta por una capa de grasa en uno de sus lados que le aporta todo el sabor durante la cocci\u00f3n. Al no tener hueso, es muy f\u00e1cil de servir y rinde much\u00edsimo en la mesa.<\/p>\n<p data-path-to-node=\"17,4,0\"><b>Recomendaci\u00f3n del carnicero:<\/b> Antes de condimentar, hac\u00e9le unos cortes superficiales en forma de rombo a la grasa (cuadrill\u00e9) para que desgrase mejor y quede bien crocante.<\/p>","protected":false},"excerpt":{"rendered":"<p><strong>Precio por Kg.<\/strong><\/p>\n<p>M\u00fasculo entero sin hueso, famoso por su sabor y facilidad para cortar. Magra por dentro, con una capa de grasa externa dorada.<\/p>","protected":false},"featured_media":4279,"comment_status":"closed","ping_status":"closed","template":"","meta":{"_joinchat":[]},"product_brand":[],"product_cat":[151],"product_tag":[],"class_list":{"0":"post-4276","1":"product","2":"type-product","3":"status-publish","4":"has-post-thumbnail","6":"product_cat-carne-vacuna","8":"first","9":"instock","10":"shipping-taxable","11":"purchasable","12":"product-type-simple"},"_links":{"self":[{"href":"https:\/\/carnesdonhector.com.ar\/en\/wp-json\/wp\/v2\/product\/4276","targetHints":{"allow":["GET"]}}],"collection":[{"href":"https:\/\/carnesdonhector.com.ar\/en\/wp-json\/wp\/v2\/product"}],"about":[{"href":"https:\/\/carnesdonhector.com.ar\/en\/wp-json\/wp\/v2\/types\/product"}],"replies":[{"embeddable":true,"href":"https:\/\/carnesdonhector.com.ar\/en\/wp-json\/wp\/v2\/comments?post=4276"}],"wp:featuredmedia":[{"embeddable":true,"href":"https:\/\/carnesdonhector.com.ar\/en\/wp-json\/wp\/v2\/media\/4279"}],"wp:attachment":[{"href":"https:\/\/carnesdonhector.com.ar\/en\/wp-json\/wp\/v2\/media?parent=4276"}],"wp:term":[{"taxonomy":"product_brand","embeddable":true,"href":"https:\/\/carnesdonhector.com.ar\/en\/wp-json\/wp\/v2\/product_brand?post=4276"},{"taxonomy":"product_cat","embeddable":true,"href":"https:\/\/carnesdonhector.com.ar\/en\/wp-json\/wp\/v2\/product_cat?post=4276"},{"taxonomy":"product_tag","embeddable":true,"href":"https:\/\/carnesdonhector.com.ar\/en\/wp-json\/wp\/v2\/product_tag?post=4276"}],"curies":[{"name":"wp","href":"https:\/\/api.w.org\/{rel}","templated":true}]}}