{"id":4270,"date":"2025-12-06T22:07:30","date_gmt":"2025-12-06T22:07:30","guid":{"rendered":"https:\/\/carnesdonhector.com.ar\/?post_type=product&#038;p=4270"},"modified":"2025-12-08T20:25:33","modified_gmt":"2025-12-08T20:25:33","slug":"cuadrada-para-milanesas-x-kg","status":"publish","type":"product","link":"https:\/\/carnesdonhector.com.ar\/en\/product\/cuadrada-para-milanesas-x-kg\/","title":{"rendered":"Cuadrada para Milanesas (x Kg)"},"content":{"rendered":"<p>La Cuadrada es un corte del cuarto trasero de forma rectangular (de ah\u00ed su nombre), lo que permite obtener bifes muy uniformes y est\u00e9ticos. Es una carne magra y firme, lo que la hace rendidora y f\u00e1cil de apanar sin que se desarme. El est\u00e1ndar de la milanesa argentina de todos los d\u00edas.<\/p>\n<p><b>Recomendaci\u00f3n del carnicero:<\/b> Al ser magra, la cocci\u00f3n debe ser r\u00e1pida para que no se seque. Si la hac\u00e9s al horno, un chorrito de aceite en la asadera y fuego fuerte es el secreto.<\/p>","protected":false},"excerpt":{"rendered":"<p><strong>Precio por Kg.<\/strong><\/p>\n<p>El cl\u00e1sico corte de milanesa: fetas grandes, magras y parejas. Cero desperdicio y excelente rendimiento.<\/p>","protected":false},"featured_media":4273,"comment_status":"closed","ping_status":"closed","template":"","meta":{"_joinchat":[]},"product_brand":[],"product_cat":[151],"product_tag":[],"class_list":{"0":"post-4270","1":"product","2":"type-product","3":"status-publish","4":"has-post-thumbnail","6":"product_cat-carne-vacuna","8":"first","9":"instock","10":"shipping-taxable","11":"purchasable","12":"product-type-simple"},"_links":{"self":[{"href":"https:\/\/carnesdonhector.com.ar\/en\/wp-json\/wp\/v2\/product\/4270","targetHints":{"allow":["GET"]}}],"collection":[{"href":"https:\/\/carnesdonhector.com.ar\/en\/wp-json\/wp\/v2\/product"}],"about":[{"href":"https:\/\/carnesdonhector.com.ar\/en\/wp-json\/wp\/v2\/types\/product"}],"replies":[{"embeddable":true,"href":"https:\/\/carnesdonhector.com.ar\/en\/wp-json\/wp\/v2\/comments?post=4270"}],"wp:featuredmedia":[{"embeddable":true,"href":"https:\/\/carnesdonhector.com.ar\/en\/wp-json\/wp\/v2\/media\/4273"}],"wp:attachment":[{"href":"https:\/\/carnesdonhector.com.ar\/en\/wp-json\/wp\/v2\/media?parent=4270"}],"wp:term":[{"taxonomy":"product_brand","embeddable":true,"href":"https:\/\/carnesdonhector.com.ar\/en\/wp-json\/wp\/v2\/product_brand?post=4270"},{"taxonomy":"product_cat","embeddable":true,"href":"https:\/\/carnesdonhector.com.ar\/en\/wp-json\/wp\/v2\/product_cat?post=4270"},{"taxonomy":"product_tag","embeddable":true,"href":"https:\/\/carnesdonhector.com.ar\/en\/wp-json\/wp\/v2\/product_tag?post=4270"}],"curies":[{"name":"wp","href":"https:\/\/api.w.org\/{rel}","templated":true}]}}