{"id":4237,"date":"2025-12-06T21:48:25","date_gmt":"2025-12-06T21:48:25","guid":{"rendered":"https:\/\/carnesdonhector.com.ar\/?post_type=product&#038;p=4237"},"modified":"2025-12-08T20:25:33","modified_gmt":"2025-12-08T20:25:33","slug":"asado-banderita","status":"publish","type":"product","link":"https:\/\/carnesdonhector.com.ar\/en\/product\/asado-banderita\/","title":{"rendered":"Asado Banderita (x Kg)"},"content":{"rendered":"<p>El Asado Banderita es infaltable para los ansiosos. Al cortarse transversalmente a los huesos, obtenemos tiras finas con una excelente proporci\u00f3n de carne y grasa que se doran r\u00e1pidamente. Es un corte sumamente sabroso gracias a la m\u00e9dula del hueso expuesta al calor.<\/p>\n<p><b>Recomendaci\u00f3n del carnicero:<\/b> Salalo una vez que lo das vuelta en la parrilla y cocinalo a fuego fuerte hasta que la grasa est\u00e9 bien crocante.<\/p>","protected":false},"excerpt":{"rendered":"<p><strong>Precio por Kg. <\/strong><\/p>\n<p>Costillas de corte fino transversal. Sabor intenso y cocci\u00f3n r\u00e1pida, ideal para la previa del asado.<\/p>","protected":false},"featured_media":4240,"comment_status":"closed","ping_status":"closed","template":"","meta":{"_joinchat":[]},"product_brand":[],"product_cat":[151],"product_tag":[],"class_list":{"0":"post-4237","1":"product","2":"type-product","3":"status-publish","4":"has-post-thumbnail","6":"product_cat-carne-vacuna","8":"first","9":"instock","10":"shipping-taxable","11":"purchasable","12":"product-type-simple"},"_links":{"self":[{"href":"https:\/\/carnesdonhector.com.ar\/en\/wp-json\/wp\/v2\/product\/4237","targetHints":{"allow":["GET"]}}],"collection":[{"href":"https:\/\/carnesdonhector.com.ar\/en\/wp-json\/wp\/v2\/product"}],"about":[{"href":"https:\/\/carnesdonhector.com.ar\/en\/wp-json\/wp\/v2\/types\/product"}],"replies":[{"embeddable":true,"href":"https:\/\/carnesdonhector.com.ar\/en\/wp-json\/wp\/v2\/comments?post=4237"}],"wp:featuredmedia":[{"embeddable":true,"href":"https:\/\/carnesdonhector.com.ar\/en\/wp-json\/wp\/v2\/media\/4240"}],"wp:attachment":[{"href":"https:\/\/carnesdonhector.com.ar\/en\/wp-json\/wp\/v2\/media?parent=4237"}],"wp:term":[{"taxonomy":"product_brand","embeddable":true,"href":"https:\/\/carnesdonhector.com.ar\/en\/wp-json\/wp\/v2\/product_brand?post=4237"},{"taxonomy":"product_cat","embeddable":true,"href":"https:\/\/carnesdonhector.com.ar\/en\/wp-json\/wp\/v2\/product_cat?post=4237"},{"taxonomy":"product_tag","embeddable":true,"href":"https:\/\/carnesdonhector.com.ar\/en\/wp-json\/wp\/v2\/product_tag?post=4237"}],"curies":[{"name":"wp","href":"https:\/\/api.w.org\/{rel}","templated":true}]}}