{"id":4228,"date":"2025-11-30T03:43:29","date_gmt":"2025-11-30T03:43:29","guid":{"rendered":"https:\/\/carnesdonhector.com.ar\/?post_type=product&#038;p=4228"},"modified":"2025-12-08T20:25:33","modified_gmt":"2025-12-08T20:25:33","slug":"bife-de-chorizo-premium-seleccion-especial","status":"publish","type":"product","link":"https:\/\/carnesdonhector.com.ar\/en\/product\/bife-de-chorizo-premium-seleccion-especial\/","title":{"rendered":"Bife de Chorizo (x Kg)"},"content":{"rendered":"<p>El Bife de Chorizo es el equilibrio perfecto entre sabor y terneza. Proveniente del lomo del animal, este corte se caracteriza por su forma cil\u00edndrica y su cobertura de grasa externa que, al cocinarse, hidrata la carne dej\u00e1ndola mantecosa. <b>Recomendaci\u00f3n del carnicero:<\/b> Si lo llev\u00e1s entero, cocinalo a fuego lento para que conserve sus jugos. Si lo ped\u00eds en bifes, un \u00abvuelta y vuelta\u00bb a fuego fuerte es suficiente para sellar el sabor.<\/p>","protected":false},"excerpt":{"rendered":"<p><b>Precio por Kg.<\/b><\/p>\n<p>El corte estrella de la parrilla argentina. Tierno, jugoso y con esa capa de grasa justa.<\/p>","protected":false},"featured_media":4234,"comment_status":"closed","ping_status":"closed","template":"","meta":{"_joinchat":[]},"product_brand":[],"product_cat":[151],"product_tag":[],"class_list":{"0":"post-4228","1":"product","2":"type-product","3":"status-publish","4":"has-post-thumbnail","6":"product_cat-carne-vacuna","8":"first","9":"instock","10":"shipping-taxable","11":"purchasable","12":"product-type-simple"},"_links":{"self":[{"href":"https:\/\/carnesdonhector.com.ar\/en\/wp-json\/wp\/v2\/product\/4228","targetHints":{"allow":["GET"]}}],"collection":[{"href":"https:\/\/carnesdonhector.com.ar\/en\/wp-json\/wp\/v2\/product"}],"about":[{"href":"https:\/\/carnesdonhector.com.ar\/en\/wp-json\/wp\/v2\/types\/product"}],"replies":[{"embeddable":true,"href":"https:\/\/carnesdonhector.com.ar\/en\/wp-json\/wp\/v2\/comments?post=4228"}],"wp:featuredmedia":[{"embeddable":true,"href":"https:\/\/carnesdonhector.com.ar\/en\/wp-json\/wp\/v2\/media\/4234"}],"wp:attachment":[{"href":"https:\/\/carnesdonhector.com.ar\/en\/wp-json\/wp\/v2\/media?parent=4228"}],"wp:term":[{"taxonomy":"product_brand","embeddable":true,"href":"https:\/\/carnesdonhector.com.ar\/en\/wp-json\/wp\/v2\/product_brand?post=4228"},{"taxonomy":"product_cat","embeddable":true,"href":"https:\/\/carnesdonhector.com.ar\/en\/wp-json\/wp\/v2\/product_cat?post=4228"},{"taxonomy":"product_tag","embeddable":true,"href":"https:\/\/carnesdonhector.com.ar\/en\/wp-json\/wp\/v2\/product_tag?post=4228"}],"curies":[{"name":"wp","href":"https:\/\/api.w.org\/{rel}","templated":true}]}}