{"id":261,"date":"2024-02-01T02:35:24","date_gmt":"2024-02-01T02:35:24","guid":{"rendered":"http:\/\/boskery-demo.local\/?page_id=261"},"modified":"2025-12-08T20:01:08","modified_gmt":"2025-12-08T20:01:08","slug":"contacto","status":"publish","type":"page","link":"https:\/\/carnesdonhector.com.ar\/en\/contacto\/","title":{"rendered":"Contacto"},"content":{"rendered":"<div data-elementor-type=\"wp-page\" data-elementor-id=\"261\" class=\"elementor elementor-261\" data-elementor-post-type=\"page\">\n\t\t\t\t<div class=\"elementor-element elementor-element-c652bbd e-con-full e-flex e-con e-parent\" data-id=\"c652bbd\" data-element_type=\"container\">\n\t\t\t\t<div class=\"elementor-element elementor-element-073f241 elementor-widget elementor-widget-boskery-contact-form\" data-id=\"073f241\" data-element_type=\"widget\" data-widget_type=\"boskery-contact-form.default\">\n\t\t\t\t<div class=\"elementor-widget-container\">\n\t\t\t\t\t\r\n\t<section class=\"contact-page section-space-top\">\r\n\t\t<div class=\"container\">\r\n\t\t\t<div class=\"contact-page__wrapper\">\r\n\t\t\t\t<div class=\"contact-page__content\">\r\n\t\t\t\t\t<div class=\"contact-page__sec-title\">\r\n\t\t\t\t\t\t\t\t\t\t\t\t\t\t\t\t\t<\/div><!-- \/.contact-page__sec-title -->\r\n\t\t\t\t\t<div class=\"contact-page__form contact-form-validated form-one\">\r\n\t\t\t\t\t\t<div class=\"wpcf7 no-js\" id=\"wpcf7-f1712-o1\" lang=\"en-US\" dir=\"ltr\" data-wpcf7-id=\"1712\">\n<div class=\"screen-reader-response\"><p role=\"status\" aria-live=\"polite\" aria-atomic=\"true\"><\/p> <ul><\/ul><\/div>\n<form action=\"\/en\/wp-json\/wp\/v2\/pages\/261#wpcf7-f1712-o1\" method=\"post\" class=\"wpcf7-form init\" aria-label=\"Contact form\" novalidate=\"novalidate\" data-status=\"init\" data-trp-original-action=\"\/en\/wp-json\/wp\/v2\/pages\/261#wpcf7-f1712-o1\">\n<fieldset class=\"hidden-fields-container\"><input type=\"hidden\" name=\"_wpcf7\" value=\"1712\" \/><input type=\"hidden\" name=\"_wpcf7_version\" value=\"6.1.4\" \/><input type=\"hidden\" name=\"_wpcf7_locale\" value=\"en_US\" \/><input type=\"hidden\" name=\"_wpcf7_unit_tag\" value=\"wpcf7-f1712-o1\" \/><input type=\"hidden\" name=\"_wpcf7_container_post\" value=\"0\" \/><input type=\"hidden\" name=\"_wpcf7_posted_data_hash\" value=\"\" \/>\n<\/fieldset>\n<div class=\"form-one__group form-one__group--grid\">\n    <div class=\"form-one__control wow fadeInUp\" data-wow-duration=\"1500ms\" data-wow-delay=\"00ms\">\n        <span class=\"wpcf7-form-control-wrap\" data-name=\"text-182\"><input size=\"40\" maxlength=\"400\" class=\"wpcf7-form-control wpcf7-text wpcf7-validates-as-required\" aria-required=\"true\" aria-invalid=\"false\" placeholder=\"Your Name\" value=\"\" type=\"text\" name=\"text-182\" \/><\/span>\n    <\/div><!-- \/.form-one__control  -->\n    <div class=\"form-one__control wow fadeInUp\" data-wow-duration=\"1500ms\" data-wow-delay=\"50ms\">\n         <span class=\"wpcf7-form-control-wrap\" data-name=\"email-312\"><input size=\"40\" maxlength=\"400\" class=\"wpcf7-form-control wpcf7-email wpcf7-validates-as-required wpcf7-text wpcf7-validates-as-email\" aria-required=\"true\" aria-invalid=\"false\" placeholder=\"Your Email\" value=\"\" type=\"email\" name=\"email-312\" \/><\/span>\n    <\/div><!-- \/.form-one__control -->\n    <div class=\"form-one__control form-one__control--full wow fadeInUp\" data-wow-duration=\"1500ms\" data-wow-delay=\"100ms\">\n         <span class=\"wpcf7-form-control-wrap\" data-name=\"textarea-276\"><textarea cols=\"40\" rows=\"10\" maxlength=\"2000\" class=\"wpcf7-form-control wpcf7-textarea wpcf7-validates-as-required\" aria-required=\"true\" aria-invalid=\"false\" placeholder=\"Write Message . . .\" name=\"textarea-276\"><\/textarea><\/span>\n    <\/div><!-- \/.form-one__control -->\n    <div class=\"form-one__control form-one__control--full wow fadeInUp\" data-wow-duration=\"1500ms\" data-wow-delay=\"150ms\">\n        <button type=\"submit\" class=\"boskery-btn\">\n            <span class=\"boskery-btn__hover\"><\/span>\n            <span class=\"boskery-btn__hover\"><\/span>\n            <span class=\"boskery-btn__hover\"><\/span>\n            <span class=\"boskery-btn__hover\"><\/span>\n            <span class=\"boskery-btn__hover\"><\/span>\n            <span class=\"boskery-btn__hover\"><\/span>\n            <span class=\"boskery-btn__text\">Send message<\/span>\n            <i class=\"icon-meat-3\"><\/i>\n        <\/button>\n    <\/div><!-- \/.form-one__control -->\n<\/div><!-- \/.form-one__group --><div class=\"wpcf7-response-output\" aria-hidden=\"true\"><\/div>\n<input type=\"hidden\" name=\"trp-form-language\" value=\"en\"\/><\/form>\n<\/div>\t\t\t\t\t<\/div><!-- \/.contact-page__form -->\r\n\t\t\t\t<\/div><!-- \/.contact-page__content -->\r\n\t\t\t\t<div class=\"contact-page__image wow fadeInRight\" data-wow-duration=\"1500ms\">\r\n\t\t\t\t\t<img decoding=\"async\" src=\"https:\/\/carnesdonhector.com.ar\/wp-content\/uploads\/2024\/02\/contact-1-1.jpg\" alt=\"contact-1-1\" title=\"contact-1-1\" >\t\t\t\t<\/div><!-- \/.contact-page__image -->\r\n\t\t\t<\/div><!-- \/.contact-page__wrapper -->\r\n\t\t<\/div><!-- \/.container -->\r\n\t<\/section><!-- \/.contact-page section-space-top -->\r\n\r\n\t<section class=\"contact-info section-space-bottom\">\r\n\t\t<div class=\"contact-info__bg boskery-jarallax\" data-jarallax data-speed=\"0.3\" style=\"background-image: url(https:\/\/bracketweb.com\/boskerywp\/wp-content\/uploads\/2024\/02\/contact-bg.jpg);\"><\/div><!-- \/.contact-info__bg -->\r\n\t\t<div class=\"container\">\r\n\t\t\t<div class=\"row gutter-y-30\">\r\n\t\t\t\t<div class=\"col-lg-6 wow fadeInUp\" data-wow-duration=\"1500ms\" data-wow-delay=\"00ms\">\r\n\t\t\t\t\t<div class=\"contact-info__contact\">\r\n\t\t\t\t\t\t<div class=\"contact-info__contact__bg\" style=\"background-image: url(https:\/\/bracketweb.com\/boskerywp\/wp-content\/uploads\/2024\/02\/contact-bg-1-1.png);\"><\/div><!-- \/.contact-info__contact__bg -->\r\n\t\t\t\t\t\t<div class=\"contact-info__contact__content\">\r\n\t\t\t\t\t\t\t<div class=\"contact-info__top\">\r\n\t\t\t\t\t\t\t\t<h3 class=\"contact-info__title\">VEN\u00cd A VISITARNOS<\/h3>\t\t\t\t\t\t\t\t<p class=\"contact-info__text\">Nada supera la atenci\u00f3n cara a cara. Te esperamos en cualquiera de nuestras sucursales para recomendarte lo mejor del d\u00eda y cortarte la carne a tu gusto en el momento.<\/p>\t\t\t\t\t\t\t<\/div><!-- \/.contact-info__top -->\r\n\t\t\t\t\t\t\t<div class=\"contact-info__contact-list\">\r\n\t\t\t\t\t\t\t\t\t\t\t\t\t\t\t\t\t<div class=\"contact-info__contact-list__item\">\r\n\r\n\t\t\t\t\t\t\t\t\t\t<span aria-hidden=\"true\" class=\"contact-info__contact-list__icon  icon-phone-call\"><\/span>\r\n\t\t\t\t\t\t\t\t\t\t<div class=\"contact-info__contact-list__content\">\r\n\t\t\t\t\t\t\t\t\t\t\t<span class=\"contact-info__contact-list__title\">LLAMANOS O ESCRIBINOS<\/span><!-- \/.contact-info__contact-list__title -->\r\n\t\t\t\t\t\t\t\t\t\t\t<a href=\"https:\/\/wa.me\/5493442626810?text=Hola%20Don%20H%C3%A9ctor!%20Vengo%20de%20la%20web%20y%20quer%C3%ADa%20consultar%20por%20un%20pedido.\" class=\"contact-info__contact-list__link\">\n  3442-626810\n<\/a>\t\t\t\t\t\t\t\t\t\t<\/div><!-- \/.contact-info__contact-list__content -->\r\n\t\t\t\t\t\t\t\t\t<\/div><!-- \/.contact-info__contact-list__item -->\r\n\t\t\t\t\t\t\t\t\t\t\t\t\t\t\t\t\t<div class=\"contact-info__contact-list__item\">\r\n\r\n\t\t\t\t\t\t\t\t\t\t<span aria-hidden=\"true\" class=\"contact-info__contact-list__icon   icon-paper-plane\"><\/span>\r\n\t\t\t\t\t\t\t\t\t\t<div class=\"contact-info__contact-list__content\">\r\n\t\t\t\t\t\t\t\t\t\t\t<span class=\"contact-info__contact-list__title\">CONSULTAS ONLINE<\/span><!-- \/.contact-info__contact-list__title -->\r\n\t\t\t\t\t\t\t\t\t\t\t<span>ventas@carnesdonhector.com.ar<\/span>\t\t\t\t\t\t\t\t\t\t<\/div><!-- \/.contact-info__contact-list__content -->\r\n\t\t\t\t\t\t\t\t\t<\/div><!-- \/.contact-info__contact-list__item -->\r\n\t\t\t\t\t\t\t\t\t\t\t\t\t\t\t\t\t<div class=\"contact-info__contact-list__item\">\r\n\r\n\t\t\t\t\t\t\t\t\t\t<span aria-hidden=\"true\" class=\"contact-info__contact-list__icon   icon-maps-and-flags\"><\/span>\r\n\t\t\t\t\t\t\t\t\t\t<div class=\"contact-info__contact-list__content\">\r\n\t\t\t\t\t\t\t\t\t\t\t<span class=\"contact-info__contact-list__title\">NUESTRAS SUCURSALES<\/span><!-- \/.contact-info__contact-list__title -->\r\n\t\t\t\t\t\t\t\t\t\t\tCentral: Posadas y Constituyentes <br>Sucursal 2: Alberdi y Sabin <br>Sucursal 3: Urquiza 1014\t\t\t\t\t\t\t\t\t\t<\/div><!-- \/.contact-info__contact-list__content -->\r\n\t\t\t\t\t\t\t\t\t<\/div><!-- \/.contact-info__contact-list__item -->\r\n\t\t\t\t\t\t\t\t\t\t\t\t\t\t\t<\/div><!-- \/.contact-info__contact-list -->\r\n\t\t\t\t\t\t<\/div><!-- \/.contact-info__contact__content -->\r\n\t\t\t\t\t<\/div><!-- \/.contact-info__contact -->\r\n\t\t\t\t<\/div><!-- \/.col-lg-6 -->\r\n\t\t\t\t<div class=\"col-lg-6 wow fadeInUp\" data-wow-duration=\"1500ms\" data-wow-delay=\"200ms\">\r\n\t\t\t\t\t<div class=\"contact-info__business-hours\">\r\n\t\t\t\t\t\t<div class=\"contact-info__business-hours__bg\" style=\"background-image: url(https:\/\/bracketweb.com\/boskerywp\/wp-content\/uploads\/2024\/02\/contact-bg-1-2.png);\"><\/div><!-- \/.contact-info__business-hours__bg -->\r\n\t\t\t\t\t\t<div class=\"contact-info__business-hours__content\">\r\n\t\t\t\t\t\t\t<div class=\"contact-info__top contact-info__top--business-hours\">\r\n\t\t\t\t\t\t\t\t<h3 class=\"contact-info__title contact-info__title--business-hours\">HORARIOS DE ATENCI\u00d3N<\/h3>\t\t\t\t\t\t\t\t<p class=\"contact-info__text contact-info__text--business-hours\">Abrimos de Lunes a S\u00e1bados para que siempre tengas productos frescos en tu mesa. Hac\u00e9 tu pedido online las 24hs.<\/p><!-- \/.contact-info__text -->\r\n\t\t\t\t\t\t\t<\/div><!-- \/.contact-info__top -->\r\n\t\t\t\t\t\t\t<div class=\"table-responsive\">\r\n\t\t\t\t\t\t\t\t<table class=\"table contact-info__business-hours__table\">\r\n\t\t\t\t\t\t\t\t\t<tbody>\r\n\t\t\t\t\t\t\t\t\t\t\t\t\t\t\t\t\t\t\t\t\t<tr>\r\n\t\t\t\t\t\t\t\t\t\t\t\t<td class=\"table__left-data\"><i aria-hidden=\"true\" class=\"icon-check\"><\/i>Lunes a S\u00e1bados<\/td>\r\n\t\t\t\t\t\t\t\t\t\t\t\t<td class=\"table__border\">\r\n\t\t\t\t\t\t\t\t\t\t\t\t\t<div class=\"table__border__line\"><\/div><!-- \/.table__border -->\r\n\t\t\t\t\t\t\t\t\t\t\t\t<\/td>\r\n\t\t\t\t\t\t\t\t\t\t\t\t<td class=\"table__right-data\">08:00 AM \u2013 01:00 PM<br> 05:00 PM \u2013 09:00 PM\t\t\t\t\t\t\t\t\t\t\t\t\t\t\t\t\t\t\t\t\t\t\t<tr>\r\n\t\t\t\t\t\t\t\t\t\t\t\t<td class=\"table__left-data\"><i aria-hidden=\"true\" class=\"icon-check\"><\/i>Domingos<\/td>\r\n\t\t\t\t\t\t\t\t\t\t\t\t<td class=\"table__border\">\r\n\t\t\t\t\t\t\t\t\t\t\t\t\t<div class=\"table__border__line\"><\/div><!-- \/.table__border -->\r\n\t\t\t\t\t\t\t\t\t\t\t\t<\/td>\r\n\t\t\t\t\t\t\t\t\t\t\t\t<td class=\"table__right-data\"> Cerrado\t\t\t\t\t\t\t\t\t\t\t\t\t\t\t\t\t\t\t\t\t<\/tbody>\r\n\t\t\t\t\t\t\t\t<\/table><!-- \/.table -->\r\n\t\t\t\t\t\t\t<\/div><!-- \/.table-responsive -->\r\n\t\t\t\t\t\t<\/div><!-- \/.contact-info__business-hours__content -->\r\n\t\t\t\t\t<\/div><!-- \/.contact-info__business-hours -->\r\n\t\t\t\t<\/div><!-- \/.col-lg-6 -->\r\n\t\t\t<\/div><!-- \/.row -->\r\n\t\t<\/div><!-- \/.container -->\r\n\t<\/section><!-- \/.contact-info section-space-bottom -->\r\n\t\t\t\t<\/div>\n\t\t\t\t<\/div>\n\t\t\t\t<\/div>\n\t\t\t\t<\/div>","protected":false},"excerpt":{"rendered":"<p>Send message VEN\u00cd A VISITARNOS Nada supera la atenci\u00f3n cara a cara. Te esperamos en cualquiera de nuestras sucursales para recomendarte lo mejor del d\u00eda y cortarte la carne a tu gusto en el momento. LLAMANOS O ESCRIBINOS 3442-626810 CONSULTAS ONLINE ventas@carnesdonhector.com.ar NUESTRAS SUCURSALES Central: Posadas y Constituyentes Sucursal 2: Alberdi y Sabin Sucursal 3: [&hellip;]<\/p>","protected":false},"author":2,"featured_media":0,"parent":0,"menu_order":0,"comment_status":"closed","ping_status":"closed","template":"elementor_header_footer","meta":{"_joinchat":[],"footnotes":""},"class_list":["post-261","page","type-page","status-publish","hentry"],"_links":{"self":[{"href":"https:\/\/carnesdonhector.com.ar\/en\/wp-json\/wp\/v2\/pages\/261","targetHints":{"allow":["GET"]}}],"collection":[{"href":"https:\/\/carnesdonhector.com.ar\/en\/wp-json\/wp\/v2\/pages"}],"about":[{"href":"https:\/\/carnesdonhector.com.ar\/en\/wp-json\/wp\/v2\/types\/page"}],"author":[{"embeddable":true,"href":"https:\/\/carnesdonhector.com.ar\/en\/wp-json\/wp\/v2\/users\/2"}],"replies":[{"embeddable":true,"href":"https:\/\/carnesdonhector.com.ar\/en\/wp-json\/wp\/v2\/comments?post=261"}],"version-history":[{"count":17,"href":"https:\/\/carnesdonhector.com.ar\/en\/wp-json\/wp\/v2\/pages\/261\/revisions"}],"predecessor-version":[{"id":4732,"href":"https:\/\/carnesdonhector.com.ar\/en\/wp-json\/wp\/v2\/pages\/261\/revisions\/4732"}],"wp:attachment":[{"href":"https:\/\/carnesdonhector.com.ar\/en\/wp-json\/wp\/v2\/media?parent=261"}],"curies":[{"name":"wp","href":"https:\/\/api.w.org\/{rel}","templated":true}]}}